{"id":52,"date":"2019-10-29T19:15:26","date_gmt":"2019-10-29T22:15:26","guid":{"rendered":"http:\/\/taura.audio\/?page_id=52"},"modified":"2020-08-07T15:33:06","modified_gmt":"2020-08-07T18:33:06","slug":"blog","status":"publish","type":"page","link":"https:\/\/taura.audio\/en\/blog\/","title":{"rendered":"Blog"},"content":{"rendered":"<div data-elementor-type=\"wp-page\" data-elementor-id=\"52\" class=\"elementor elementor-52\" data-elementor-post-type=\"page\">\n\t\t\t\t\t\t<section class=\"elementor-section elementor-top-section elementor-element elementor-element-90e2d86 elementor-section-stretched elementor-section-height-min-height elementor-section-boxed elementor-section-height-default elementor-section-items-middle\" data-id=\"90e2d86\" data-element_type=\"section\" data-settings=\"{&quot;stretch_section&quot;:&quot;section-stretched&quot;,&quot;background_background&quot;:&quot;classic&quot;}\">\n\t\t\t\t\t\t<div class=\"elementor-container elementor-column-gap-default\">\n\t\t\t\t\t<div class=\"elementor-column elementor-col-100 elementor-top-column elementor-element elementor-element-6445dab\" data-id=\"6445dab\" data-element_type=\"column\">\n\t\t\t<div class=\"elementor-widget-wrap elementor-element-populated\">\n\t\t\t\t\t\t<div class=\"elementor-element elementor-element-a64fa8a elementor-widget elementor-widget-heading\" data-id=\"a64fa8a\" data-element_type=\"widget\" data-widget_type=\"heading.default\">\n\t\t\t\t<div class=\"elementor-widget-container\">\n\t\t\t<h2 class=\"elementor-heading-title elementor-size-default\">Blog<\/h2>\t\t<\/div>\n\t\t\t\t<\/div>\n\t\t\t\t\t<\/div>\n\t\t<\/div>\n\t\t\t\t\t<\/div>\n\t\t<\/section>\n\t\t\t\t<section class=\"elementor-section elementor-top-section elementor-element elementor-element-4e2e939 elementor-section-stretched elementor-section-boxed elementor-section-height-default elementor-section-height-default\" data-id=\"4e2e939\" data-element_type=\"section\" data-settings=\"{&quot;stretch_section&quot;:&quot;section-stretched&quot;}\">\n\t\t\t\t\t\t<div class=\"elementor-container elementor-column-gap-default\">\n\t\t\t\t\t<div class=\"elementor-column elementor-col-100 elementor-top-column elementor-element elementor-element-d1dd41a\" data-id=\"d1dd41a\" data-element_type=\"column\">\n\t\t\t<div class=\"elementor-widget-wrap elementor-element-populated\">\n\t\t\t\t\t\t<div class=\"elementor-element elementor-element-3355148 elementor-grid-3 elementor-grid-tablet-2 elementor-grid-mobile-1 elementor-posts--thumbnail-top elementor-widget elementor-widget-posts\" data-id=\"3355148\" data-element_type=\"widget\" data-settings=\"{&quot;classic_columns&quot;:&quot;3&quot;,&quot;classic_columns_tablet&quot;:&quot;2&quot;,&quot;classic_columns_mobile&quot;:&quot;1&quot;,&quot;classic_row_gap&quot;:{&quot;unit&quot;:&quot;px&quot;,&quot;size&quot;:35,&quot;sizes&quot;:[]},&quot;classic_row_gap_tablet&quot;:{&quot;unit&quot;:&quot;px&quot;,&quot;size&quot;:&quot;&quot;,&quot;sizes&quot;:[]},&quot;classic_row_gap_mobile&quot;:{&quot;unit&quot;:&quot;px&quot;,&quot;size&quot;:&quot;&quot;,&quot;sizes&quot;:[]}}\" data-widget_type=\"posts.classic\">\n\t\t\t\t<div class=\"elementor-widget-container\">\n\t\t\t\t\t<div class=\"elementor-posts-container elementor-posts elementor-posts--skin-classic elementor-grid\">\n\t\t\t\t<article class=\"elementor-post elementor-grid-item post-121 post type-post status-publish format-standard has-post-thumbnail hentry category-uncategorized\">\n\t\t\t\t<a class=\"elementor-post__thumbnail__link\" href=\"https:\/\/taura.audio\/en\/la-importancia-de-un-brazo-de-calidad-en-tu-bandeja\/\" tabindex=\"-1\" >\n\t\t\t<div class=\"elementor-post__thumbnail\"><img fetchpriority=\"high\" decoding=\"async\" width=\"300\" height=\"228\" src=\"https:\/\/taura.audio\/wp-content\/uploads\/2019\/10\/foto-nota2-300x228.jpg\" class=\"attachment-medium size-medium wp-image-123\" alt=\"\" srcset=\"https:\/\/taura.audio\/wp-content\/uploads\/2019\/10\/foto-nota2-300x228.jpg 300w, https:\/\/taura.audio\/wp-content\/uploads\/2019\/10\/foto-nota2-600x456.jpg 600w, https:\/\/taura.audio\/wp-content\/uploads\/2019\/10\/foto-nota2.jpg 752w\" sizes=\"(max-width: 300px) 100vw, 300px\" \/><\/div>\n\t\t<\/a>\n\t\t\t\t<div class=\"elementor-post__text\">\n\t\t\t\t<h3 class=\"elementor-post__title\">\n\t\t\t<a href=\"https:\/\/taura.audio\/en\/la-importancia-de-un-brazo-de-calidad-en-tu-bandeja\/\" >\n\t\t\t\tLa importancia de un brazo de calidad en tu bandeja\t\t\t<\/a>\n\t\t<\/h3>\n\t\t\t\t<div class=\"elementor-post__meta-data\">\n\t\t\t\t\t<span class=\"elementor-post-date\">\n\t\t\tOctober 31, 2019\t\t<\/span>\n\t\t\t\t<\/div>\n\t\t\n\t\t<a class=\"elementor-post__read-more\" href=\"https:\/\/taura.audio\/en\/la-importancia-de-un-brazo-de-calidad-en-tu-bandeja\/\" aria-label=\"Read more about La importancia de un brazo de calidad en tu bandeja\" tabindex=\"-1\" >\n\t\t\tLEER M\u00c1S\t\t<\/a>\n\n\t\t\t\t<\/div>\n\t\t\t\t<\/article>\n\t\t\t\t<article class=\"elementor-post elementor-grid-item post-97 post type-post status-publish format-standard has-post-thumbnail hentry category-uncategorized\">\n\t\t\t\t<a class=\"elementor-post__thumbnail__link\" href=\"https:\/\/taura.audio\/en\/lorem-ipsum-dolor-sit-amet-consectetuer-adipiscing\/\" tabindex=\"-1\" >\n\t\t\t<div class=\"elementor-post__thumbnail\"><img decoding=\"async\" width=\"300\" height=\"228\" src=\"https:\/\/taura.audio\/wp-content\/uploads\/2019\/10\/foto-nota-300x228.jpg\" class=\"attachment-medium size-medium wp-image-98\" alt=\"\" srcset=\"https:\/\/taura.audio\/wp-content\/uploads\/2019\/10\/foto-nota-300x228.jpg 300w, https:\/\/taura.audio\/wp-content\/uploads\/2019\/10\/foto-nota-600x456.jpg 600w, https:\/\/taura.audio\/wp-content\/uploads\/2019\/10\/foto-nota.jpg 752w\" sizes=\"(max-width: 300px) 100vw, 300px\" \/><\/div>\n\t\t<\/a>\n\t\t\t\t<div class=\"elementor-post__text\">\n\t\t\t\t<h3 class=\"elementor-post__title\">\n\t\t\t<a href=\"https:\/\/taura.audio\/en\/lorem-ipsum-dolor-sit-amet-consectetuer-adipiscing\/\" >\n\t\t\t\tLos 10 vinilos m\u00e1s vendidos de la \u00faltima d\u00e9cada\t\t\t<\/a>\n\t\t<\/h3>\n\t\t\t\t<div class=\"elementor-post__meta-data\">\n\t\t\t\t\t<span class=\"elementor-post-date\">\n\t\t\tOctober 31, 2019\t\t<\/span>\n\t\t\t\t<\/div>\n\t\t\n\t\t<a class=\"elementor-post__read-more\" href=\"https:\/\/taura.audio\/en\/lorem-ipsum-dolor-sit-amet-consectetuer-adipiscing\/\" aria-label=\"Read more about Los 10 vinilos m\u00e1s vendidos de la \u00faltima d\u00e9cada\" tabindex=\"-1\" >\n\t\t\tLEER M\u00c1S\t\t<\/a>\n\n\t\t\t\t<\/div>\n\t\t\t\t<\/article>\n\t\t\t\t<\/div>\n\t\t\n\t\t\t\t<\/div>\n\t\t\t\t<\/div>\n\t\t\t\t\t<\/div>\n\t\t<\/div>\n\t\t\t\t\t<\/div>\n\t\t<\/section>\n\t\t\t\t<\/div>","protected":false},"excerpt":{"rendered":"<p>Blog<\/p>","protected":false},"author":1,"featured_media":0,"parent":0,"menu_order":0,"comment_status":"closed","ping_status":"closed","template":"elementor_header_footer","meta":{"inline_featured_image":false,"footnotes":""},"class_list":["post-52","page","type-page","status-publish","hentry"],"yoast_head":"<!-- This site is optimized with the Yoast SEO plugin v23.7 - https:\/\/yoast.com\/wordpress\/plugins\/seo\/ -->\n<title>Blog - Taura<\/title>\n<meta name=\"robots\" content=\"noindex, follow, max-snippet:-1, max-image-preview:large, max-video-preview:-1\" \/>\n<meta property=\"og:locale\" content=\"en_US\" \/>\n<meta property=\"og:type\" content=\"article\" \/>\n<meta property=\"og:title\" content=\"Blog - Taura\" \/>\n<meta property=\"og:description\" content=\"Blog\" \/>\n<meta property=\"og:url\" content=\"https:\/\/taura.audio\/en\/blog\/\" \/>\n<meta property=\"og:site_name\" content=\"Taura\" \/>\n<meta property=\"article:modified_time\" content=\"2020-08-07T18:33:06+00:00\" \/>\n<meta name=\"twitter:card\" content=\"summary_large_image\" \/>\n<script type=\"application\/ld+json\" class=\"yoast-schema-graph\">{\"@context\":\"https:\/\/schema.org\",\"@graph\":[{\"@type\":\"WebPage\",\"@id\":\"https:\/\/taura.audio\/blog\/\",\"url\":\"https:\/\/taura.audio\/blog\/\",\"name\":\"Blog - Taura\",\"isPartOf\":{\"@id\":\"https:\/\/taura.audio\/#website\"},\"datePublished\":\"2019-10-29T22:15:26+00:00\",\"dateModified\":\"2020-08-07T18:33:06+00:00\",\"breadcrumb\":{\"@id\":\"https:\/\/taura.audio\/blog\/#breadcrumb\"},\"inLanguage\":\"en-US\",\"potentialAction\":[{\"@type\":\"ReadAction\",\"target\":[\"https:\/\/taura.audio\/blog\/\"]}]},{\"@type\":\"BreadcrumbList\",\"@id\":\"https:\/\/taura.audio\/blog\/#breadcrumb\",\"itemListElement\":[{\"@type\":\"ListItem\",\"position\":1,\"name\":\"Portada\",\"item\":\"https:\/\/taura.audio\/\"},{\"@type\":\"ListItem\",\"position\":2,\"name\":\"Blog\"}]},{\"@type\":\"WebSite\",\"@id\":\"https:\/\/taura.audio\/#website\",\"url\":\"https:\/\/taura.audio\/\",\"name\":\"Taura\",\"description\":\"Audio\",\"publisher\":{\"@id\":\"https:\/\/taura.audio\/#organization\"},\"potentialAction\":[{\"@type\":\"SearchAction\",\"target\":{\"@type\":\"EntryPoint\",\"urlTemplate\":\"https:\/\/taura.audio\/?s={search_term_string}\"},\"query-input\":{\"@type\":\"PropertyValueSpecification\",\"valueRequired\":true,\"valueName\":\"search_term_string\"}}],\"inLanguage\":\"en-US\"},{\"@type\":\"Organization\",\"@id\":\"https:\/\/taura.audio\/#organization\",\"name\":\"Taura\",\"url\":\"https:\/\/taura.audio\/\",\"logo\":{\"@type\":\"ImageObject\",\"inLanguage\":\"en-US\",\"@id\":\"https:\/\/taura.audio\/#\/schema\/logo\/image\/\",\"url\":\"https:\/\/taura.audio\/wp-content\/uploads\/2019\/10\/taura-logo.svg\",\"contentUrl\":\"https:\/\/taura.audio\/wp-content\/uploads\/2019\/10\/taura-logo.svg\",\"width\":145,\"height\":21,\"caption\":\"Taura\"},\"image\":{\"@id\":\"https:\/\/taura.audio\/#\/schema\/logo\/image\/\"}}]}<\/script>\n<!-- \/ Yoast SEO plugin. -->","yoast_head_json":{"title":"Blog - Taura","robots":{"index":"noindex","follow":"follow","max-snippet":"max-snippet:-1","max-image-preview":"max-image-preview:large","max-video-preview":"max-video-preview:-1"},"og_locale":"en_US","og_type":"article","og_title":"Blog - Taura","og_description":"Blog","og_url":"https:\/\/taura.audio\/en\/blog\/","og_site_name":"Taura","article_modified_time":"2020-08-07T18:33:06+00:00","twitter_card":"summary_large_image","schema":{"@context":"https:\/\/schema.org","@graph":[{"@type":"WebPage","@id":"https:\/\/taura.audio\/blog\/","url":"https:\/\/taura.audio\/blog\/","name":"Blog - Taura","isPartOf":{"@id":"https:\/\/taura.audio\/#website"},"datePublished":"2019-10-29T22:15:26+00:00","dateModified":"2020-08-07T18:33:06+00:00","breadcrumb":{"@id":"https:\/\/taura.audio\/blog\/#breadcrumb"},"inLanguage":"en-US","potentialAction":[{"@type":"ReadAction","target":["https:\/\/taura.audio\/blog\/"]}]},{"@type":"BreadcrumbList","@id":"https:\/\/taura.audio\/blog\/#breadcrumb","itemListElement":[{"@type":"ListItem","position":1,"name":"Portada","item":"https:\/\/taura.audio\/"},{"@type":"ListItem","position":2,"name":"Blog"}]},{"@type":"WebSite","@id":"https:\/\/taura.audio\/#website","url":"https:\/\/taura.audio\/","name":"Taura","description":"Audio","publisher":{"@id":"https:\/\/taura.audio\/#organization"},"potentialAction":[{"@type":"SearchAction","target":{"@type":"EntryPoint","urlTemplate":"https:\/\/taura.audio\/?s={search_term_string}"},"query-input":{"@type":"PropertyValueSpecification","valueRequired":true,"valueName":"search_term_string"}}],"inLanguage":"en-US"},{"@type":"Organization","@id":"https:\/\/taura.audio\/#organization","name":"Taura","url":"https:\/\/taura.audio\/","logo":{"@type":"ImageObject","inLanguage":"en-US","@id":"https:\/\/taura.audio\/#\/schema\/logo\/image\/","url":"https:\/\/taura.audio\/wp-content\/uploads\/2019\/10\/taura-logo.svg","contentUrl":"https:\/\/taura.audio\/wp-content\/uploads\/2019\/10\/taura-logo.svg","width":145,"height":21,"caption":"Taura"},"image":{"@id":"https:\/\/taura.audio\/#\/schema\/logo\/image\/"}}]}},"_links":{"self":[{"href":"https:\/\/taura.audio\/en\/wp-json\/wp\/v2\/pages\/52"}],"collection":[{"href":"https:\/\/taura.audio\/en\/wp-json\/wp\/v2\/pages"}],"about":[{"href":"https:\/\/taura.audio\/en\/wp-json\/wp\/v2\/types\/page"}],"author":[{"embeddable":true,"href":"https:\/\/taura.audio\/en\/wp-json\/wp\/v2\/users\/1"}],"replies":[{"embeddable":true,"href":"https:\/\/taura.audio\/en\/wp-json\/wp\/v2\/comments?post=52"}],"version-history":[{"count":7,"href":"https:\/\/taura.audio\/en\/wp-json\/wp\/v2\/pages\/52\/revisions"}],"predecessor-version":[{"id":1357,"href":"https:\/\/taura.audio\/en\/wp-json\/wp\/v2\/pages\/52\/revisions\/1357"}],"wp:attachment":[{"href":"https:\/\/taura.audio\/en\/wp-json\/wp\/v2\/media?parent=52"}],"curies":[{"name":"wp","href":"https:\/\/api.w.org\/{rel}","templated":true}]}}