{"id":46,"date":"2019-10-29T19:14:39","date_gmt":"2019-10-29T22:14:39","guid":{"rendered":"http:\/\/taura.audio\/?page_id=46"},"modified":"2024-10-18T10:55:51","modified_gmt":"2024-10-18T13:55:51","slug":"filosofia","status":"publish","type":"page","link":"https:\/\/taura.audio\/en\/filosofia\/","title":{"rendered":"Filosof\u00eda"},"content":{"rendered":"<div data-elementor-type=\"wp-page\" data-elementor-id=\"46\" class=\"elementor elementor-46\" data-elementor-post-type=\"page\">\n\t\t\t\t\t\t<section class=\"elementor-section elementor-top-section elementor-element elementor-element-736c7c1 elementor-section-stretched elementor-section-height-min-height elementor-section-boxed elementor-section-height-default elementor-section-items-middle\" data-id=\"736c7c1\" data-element_type=\"section\" data-settings=\"{&quot;stretch_section&quot;:&quot;section-stretched&quot;,&quot;background_background&quot;:&quot;classic&quot;}\">\n\t\t\t\t\t\t<div class=\"elementor-container elementor-column-gap-default\">\n\t\t\t\t\t<div class=\"elementor-column elementor-col-100 elementor-top-column elementor-element elementor-element-c1a2ff1\" data-id=\"c1a2ff1\" data-element_type=\"column\">\n\t\t\t<div class=\"elementor-widget-wrap elementor-element-populated\">\n\t\t\t\t\t\t<div class=\"elementor-element elementor-element-c00382e elementor-widget elementor-widget-heading\" data-id=\"c00382e\" data-element_type=\"widget\" data-widget_type=\"heading.default\">\n\t\t\t\t<div class=\"elementor-widget-container\">\n\t\t\t<h2 class=\"elementor-heading-title elementor-size-default\">Filosof\u00eda<\/h2>\t\t<\/div>\n\t\t\t\t<\/div>\n\t\t\t\t\t<\/div>\n\t\t<\/div>\n\t\t\t\t\t<\/div>\n\t\t<\/section>\n\t\t\t\t<section class=\"elementor-section elementor-top-section elementor-element elementor-element-8810567 elementor-section-stretched elementor-section-height-min-height elementor-section-boxed elementor-section-height-default elementor-section-items-middle\" data-id=\"8810567\" data-element_type=\"section\" data-settings=\"{&quot;stretch_section&quot;:&quot;section-stretched&quot;}\">\n\t\t\t\t\t\t<div class=\"elementor-container elementor-column-gap-default\">\n\t\t\t\t\t<div class=\"elementor-column elementor-col-100 elementor-top-column elementor-element elementor-element-cf9f840\" data-id=\"cf9f840\" data-element_type=\"column\">\n\t\t\t<div class=\"elementor-widget-wrap elementor-element-populated\">\n\t\t\t\t\t\t<div class=\"elementor-element elementor-element-a03f03c elementor-widget elementor-widget-text-editor\" data-id=\"a03f03c\" data-element_type=\"widget\" data-widget_type=\"text-editor.default\">\n\t\t\t\t<div class=\"elementor-widget-container\">\n\t\t\t\t\t\t\t<p>Tradici\u00f3n y Modernidad<br \/>La contemplaci\u00f3n est\u00e9tica como una experiencia integral y org\u00e1nica.<\/p>\t\t\t\t\t\t<\/div>\n\t\t\t\t<\/div>\n\t\t\t\t<section class=\"elementor-section elementor-inner-section elementor-element elementor-element-0d893cc elementor-section-full_width elementor-section-height-default elementor-section-height-default\" data-id=\"0d893cc\" data-element_type=\"section\">\n\t\t\t\t\t\t<div class=\"elementor-container elementor-column-gap-default\">\n\t\t\t\t\t<div class=\"elementor-column elementor-col-50 elementor-inner-column elementor-element elementor-element-bf24442\" data-id=\"bf24442\" data-element_type=\"column\">\n\t\t\t<div class=\"elementor-widget-wrap elementor-element-populated\">\n\t\t\t\t\t\t<div class=\"elementor-element elementor-element-4ab4503 elementor-widget elementor-widget-image\" data-id=\"4ab4503\" data-element_type=\"widget\" data-widget_type=\"image.default\">\n\t\t\t\t<div class=\"elementor-widget-container\">\n\t\t\t\t\t\t\t\t\t\t\t\t\t<img fetchpriority=\"high\" decoding=\"async\" width=\"740\" height=\"614\" src=\"https:\/\/taura.audio\/wp-content\/uploads\/2020\/03\/bandeja-graf02.jpg\" class=\"attachment-large size-large wp-image-858\" alt=\"\" srcset=\"https:\/\/taura.audio\/wp-content\/uploads\/2020\/03\/bandeja-graf02.jpg 740w, https:\/\/taura.audio\/wp-content\/uploads\/2020\/03\/bandeja-graf02-600x498.jpg 600w, https:\/\/taura.audio\/wp-content\/uploads\/2020\/03\/bandeja-graf02-300x249.jpg 300w\" sizes=\"(max-width: 740px) 100vw, 740px\" \/>\t\t\t\t\t\t\t\t\t\t\t\t\t<\/div>\n\t\t\t\t<\/div>\n\t\t\t\t\t<\/div>\n\t\t<\/div>\n\t\t\t\t<div class=\"elementor-column elementor-col-50 elementor-inner-column elementor-element elementor-element-2e076a5\" data-id=\"2e076a5\" data-element_type=\"column\">\n\t\t\t<div class=\"elementor-widget-wrap elementor-element-populated\">\n\t\t\t\t\t\t<div class=\"elementor-element elementor-element-fde023b elementor-widget elementor-widget-image\" data-id=\"fde023b\" data-element_type=\"widget\" data-widget_type=\"image.default\">\n\t\t\t\t<div class=\"elementor-widget-container\">\n\t\t\t\t\t\t\t\t\t\t\t\t\t<img decoding=\"async\" width=\"800\" height=\"800\" src=\"https:\/\/taura.audio\/wp-content\/uploads\/2023\/02\/B-151111_SINPAR2011_049-1024x1024.jpg\" class=\"attachment-large size-large wp-image-2218\" alt=\"\" srcset=\"https:\/\/taura.audio\/wp-content\/uploads\/2023\/02\/B-151111_SINPAR2011_049.jpg 1024w, https:\/\/taura.audio\/wp-content\/uploads\/2023\/02\/B-151111_SINPAR2011_049-300x300.jpg 300w, https:\/\/taura.audio\/wp-content\/uploads\/2023\/02\/B-151111_SINPAR2011_049-150x150.jpg 150w, https:\/\/taura.audio\/wp-content\/uploads\/2023\/02\/B-151111_SINPAR2011_049-768x768.jpg 768w, https:\/\/taura.audio\/wp-content\/uploads\/2023\/02\/B-151111_SINPAR2011_049-12x12.jpg 12w, https:\/\/taura.audio\/wp-content\/uploads\/2023\/02\/B-151111_SINPAR2011_049-600x600.jpg 600w, https:\/\/taura.audio\/wp-content\/uploads\/2023\/02\/B-151111_SINPAR2011_049-100x100.jpg 100w\" sizes=\"(max-width: 800px) 100vw, 800px\" \/>\t\t\t\t\t\t\t\t\t\t\t\t\t<\/div>\n\t\t\t\t<\/div>\n\t\t\t\t\t<\/div>\n\t\t<\/div>\n\t\t\t\t\t<\/div>\n\t\t<\/section>\n\t\t\t\t<section class=\"elementor-section elementor-inner-section elementor-element elementor-element-aa81c49 elementor-section-full_width elementor-section-height-default elementor-section-height-default\" data-id=\"aa81c49\" data-element_type=\"section\">\n\t\t\t\t\t\t<div class=\"elementor-container elementor-column-gap-default\">\n\t\t\t\t\t<div class=\"elementor-column elementor-col-50 elementor-inner-column elementor-element elementor-element-94082b1\" data-id=\"94082b1\" data-element_type=\"column\">\n\t\t\t<div class=\"elementor-widget-wrap elementor-element-populated\">\n\t\t\t\t\t\t<div class=\"elementor-element elementor-element-87a650a elementor-widget elementor-widget-heading\" data-id=\"87a650a\" data-element_type=\"widget\" data-widget_type=\"heading.default\">\n\t\t\t\t<div class=\"elementor-widget-container\">\n\t\t\t<h2 class=\"elementor-heading-title elementor-size-default\">Filosof\u00eda<br> \nTaura<\/h2>\t\t<\/div>\n\t\t\t\t<\/div>\n\t\t\t\t\t<\/div>\n\t\t<\/div>\n\t\t\t\t<div class=\"elementor-column elementor-col-50 elementor-inner-column elementor-element elementor-element-ca1c625\" data-id=\"ca1c625\" data-element_type=\"column\">\n\t\t\t<div class=\"elementor-widget-wrap elementor-element-populated\">\n\t\t\t\t\t\t<div class=\"elementor-element elementor-element-7b86a96 pan-texto elementor-widget elementor-widget-text-editor\" data-id=\"7b86a96\" data-element_type=\"widget\" data-widget_type=\"text-editor.default\">\n\t\t\t\t<div class=\"elementor-widget-container\">\n\t\t\t\t\t\t\t<p>Entendemos el v\u00ednculo con la m\u00fasica como uno de los \u00e1mbitos m\u00e1s \u00edntimos de cada uno. En la contemplaci\u00f3n est\u00e9tica y en la singular naturaleza del estado que la acompa\u00f1a se encuentra un punto de conexi\u00f3n con lo m\u00e1s aut\u00e9ntico y un medio en la b\u00fasqueda de sentido. Desde Taura esperamos acompa\u00f1arlos en esa experiencia.<br>En un af\u00e1n de equilibrio, proporci\u00f3n y armon\u00eda, a trav\u00e9s de la combinaci\u00f3n de lo mejor de la tradici\u00f3n y las \u00faltimas tecnolog\u00edas, nos proponemos rendir tributo al arte, la calidad y la belleza. Dedicado a todos aquellos apasionados que buscan profundizar y redescubrir sus registros predilectos.<\/p>\t\t\t\t\t\t<\/div>\n\t\t\t\t<\/div>\n\t\t\t\t\t<\/div>\n\t\t<\/div>\n\t\t\t\t\t<\/div>\n\t\t<\/section>\n\t\t\t\t\t<\/div>\n\t\t<\/div>\n\t\t\t\t\t<\/div>\n\t\t<\/section>\n\t\t\t\t<section class=\"elementor-section elementor-inner-section elementor-element elementor-element-f08718b elementor-section-boxed elementor-section-height-default elementor-section-height-default\" data-id=\"f08718b\" data-element_type=\"section\">\n\t\t\t\t\t\t<div class=\"elementor-container elementor-column-gap-default\">\n\t\t\t\t\t<div class=\"elementor-column elementor-col-50 elementor-inner-column elementor-element elementor-element-9dc7c8e\" data-id=\"9dc7c8e\" data-element_type=\"column\">\n\t\t\t<div class=\"elementor-widget-wrap elementor-element-populated\">\n\t\t\t\t\t\t<div class=\"elementor-element elementor-element-8bec53c elementor-widget elementor-widget-image\" data-id=\"8bec53c\" data-element_type=\"widget\" data-widget_type=\"image.default\">\n\t\t\t\t<div class=\"elementor-widget-container\">\n\t\t\t\t\t\t\t\t\t\t\t\t\t<img decoding=\"async\" width=\"674\" height=\"539\" src=\"https:\/\/taura.audio\/wp-content\/uploads\/2023\/02\/A-151111_SINPAR2011_025-1hola.jpg\" class=\"attachment-large size-large wp-image-2220\" alt=\"\" srcset=\"https:\/\/taura.audio\/wp-content\/uploads\/2023\/02\/A-151111_SINPAR2011_025-1hola.jpg 674w, https:\/\/taura.audio\/wp-content\/uploads\/2023\/02\/A-151111_SINPAR2011_025-1hola-300x240.jpg 300w, https:\/\/taura.audio\/wp-content\/uploads\/2023\/02\/A-151111_SINPAR2011_025-1hola-15x12.jpg 15w, https:\/\/taura.audio\/wp-content\/uploads\/2023\/02\/A-151111_SINPAR2011_025-1hola-600x480.jpg 600w\" sizes=\"(max-width: 674px) 100vw, 674px\" \/>\t\t\t\t\t\t\t\t\t\t\t\t\t<\/div>\n\t\t\t\t<\/div>\n\t\t\t\t\t<\/div>\n\t\t<\/div>\n\t\t\t\t<div class=\"elementor-column elementor-col-50 elementor-inner-column elementor-element elementor-element-c5accda\" data-id=\"c5accda\" data-element_type=\"column\">\n\t\t\t<div class=\"elementor-widget-wrap elementor-element-populated\">\n\t\t\t\t\t\t<div class=\"elementor-element elementor-element-177416b elementor-widget elementor-widget-image\" data-id=\"177416b\" data-element_type=\"widget\" data-widget_type=\"image.default\">\n\t\t\t\t<div class=\"elementor-widget-container\">\n\t\t\t\t\t\t\t\t\t\t\t\t\t<img loading=\"lazy\" decoding=\"async\" width=\"800\" height=\"640\" src=\"https:\/\/taura.audio\/wp-content\/uploads\/2023\/02\/C-151111_SINPAR2011_074.jpg\" class=\"attachment-large size-large wp-image-2221\" alt=\"\" srcset=\"https:\/\/taura.audio\/wp-content\/uploads\/2023\/02\/C-151111_SINPAR2011_074.jpg 1024w, https:\/\/taura.audio\/wp-content\/uploads\/2023\/02\/C-151111_SINPAR2011_074-300x240.jpg 300w, https:\/\/taura.audio\/wp-content\/uploads\/2023\/02\/C-151111_SINPAR2011_074-768x614.jpg 768w, https:\/\/taura.audio\/wp-content\/uploads\/2023\/02\/C-151111_SINPAR2011_074-15x12.jpg 15w, https:\/\/taura.audio\/wp-content\/uploads\/2023\/02\/C-151111_SINPAR2011_074-600x480.jpg 600w\" sizes=\"(max-width: 800px) 100vw, 800px\" \/>\t\t\t\t\t\t\t\t\t\t\t\t\t<\/div>\n\t\t\t\t<\/div>\n\t\t\t\t\t<\/div>\n\t\t<\/div>\n\t\t\t\t\t<\/div>\n\t\t<\/section>\n\t\t\t\t<section class=\"elementor-section elementor-top-section elementor-element elementor-element-f73eeab elementor-section-boxed elementor-section-height-default elementor-section-height-default\" data-id=\"f73eeab\" data-element_type=\"section\">\n\t\t\t\t\t\t<div class=\"elementor-container elementor-column-gap-default\">\n\t\t\t\t\t<div class=\"elementor-column elementor-col-100 elementor-top-column elementor-element elementor-element-720c4ff\" data-id=\"720c4ff\" data-element_type=\"column\">\n\t\t\t<div class=\"elementor-widget-wrap elementor-element-populated\">\n\t\t\t\t\t\t<section class=\"elementor-section elementor-inner-section elementor-element elementor-element-f7ec3bf elementor-section-full_width elementor-section-height-default elementor-section-height-default\" data-id=\"f7ec3bf\" data-element_type=\"section\">\n\t\t\t\t\t\t<div class=\"elementor-container elementor-column-gap-default\">\n\t\t\t\t\t<div class=\"elementor-column elementor-col-50 elementor-inner-column elementor-element elementor-element-9f43622\" data-id=\"9f43622\" data-element_type=\"column\">\n\t\t\t<div class=\"elementor-widget-wrap elementor-element-populated\">\n\t\t\t\t\t\t<div class=\"elementor-element elementor-element-ddd4a96 elementor-widget elementor-widget-heading\" data-id=\"ddd4a96\" data-element_type=\"widget\" data-widget_type=\"heading.default\">\n\t\t\t\t<div class=\"elementor-widget-container\">\n\t\t\t<h2 class=\"elementor-heading-title elementor-size-default\">Una idea que<br>trasciende<\/h2>\t\t<\/div>\n\t\t\t\t<\/div>\n\t\t\t\t\t<\/div>\n\t\t<\/div>\n\t\t\t\t<div class=\"elementor-column elementor-col-50 elementor-inner-column elementor-element elementor-element-6c2b245\" data-id=\"6c2b245\" data-element_type=\"column\">\n\t\t\t<div class=\"elementor-widget-wrap elementor-element-populated\">\n\t\t\t\t\t\t<div class=\"elementor-element elementor-element-27950f2 pan-texto elementor-widget elementor-widget-text-editor\" data-id=\"27950f2\" data-element_type=\"widget\" data-widget_type=\"text-editor.default\">\n\t\t\t\t<div class=\"elementor-widget-container\">\n\t\t\t\t\t\t\t<p>Diego Ares fue un dise\u00f1ador industrial del barrio de San Telmo, Buenos Aires, Argentina.<\/p><p>Su esp\u00edritu creador y apasionado por el sonido impuls\u00f3 la b\u00fasqueda de un objeto que reprodujera la m\u00e1s alta fidelidad de audio. As\u00ed, junto a Herramar, gestaron un proyecto que persigue la perfecci\u00f3n y el sincretismo entre funcionalidad y est\u00e9tica.<\/p><p>Taura es el legado de Ares, el resultado de una combinaci\u00f3n entre dise\u00f1o, tecnolog\u00eda de \u00faltima generaci\u00f3n y materiales de calidad comprobada. Se revela como un v\u00ednculo: una experiencia \u00fanica entre la m\u00fasica y quien la escucha.<\/p>\t\t\t\t\t\t<\/div>\n\t\t\t\t<\/div>\n\t\t\t\t\t<\/div>\n\t\t<\/div>\n\t\t\t\t\t<\/div>\n\t\t<\/section>\n\t\t\t\t\t<\/div>\n\t\t<\/div>\n\t\t\t\t\t<\/div>\n\t\t<\/section>\n\t\t\t\t<section class=\"elementor-section elementor-top-section elementor-element elementor-element-f3b5917 elementor-section-stretched elementor-section-height-min-height elementor-section-boxed elementor-section-height-default elementor-section-items-middle\" data-id=\"f3b5917\" data-element_type=\"section\" data-settings=\"{&quot;stretch_section&quot;:&quot;section-stretched&quot;,&quot;background_background&quot;:&quot;classic&quot;}\">\n\t\t\t\t\t\t<div class=\"elementor-container elementor-column-gap-default\">\n\t\t\t\t\t<div class=\"elementor-column elementor-col-50 elementor-top-column elementor-element elementor-element-2334b98\" data-id=\"2334b98\" data-element_type=\"column\">\n\t\t\t<div class=\"elementor-widget-wrap elementor-element-populated\">\n\t\t\t\t\t\t<div class=\"elementor-element elementor-element-6d15f57 elementor-widget elementor-widget-text-editor\" data-id=\"6d15f57\" data-element_type=\"widget\" data-widget_type=\"text-editor.default\">\n\t\t\t\t<div class=\"elementor-widget-container\">\n\t\t\t\t\t\t\t<p>Audio. <br \/>Funcionalidad.\u00a0<br \/>Est\u00e9tica. <br \/>Taura.<\/p>\t\t\t\t\t\t<\/div>\n\t\t\t\t<\/div>\n\t\t\t\t\t<\/div>\n\t\t<\/div>\n\t\t\t\t<div class=\"elementor-column elementor-col-50 elementor-top-column elementor-element elementor-element-967e82c\" data-id=\"967e82c\" data-element_type=\"column\">\n\t\t\t<div class=\"elementor-widget-wrap\">\n\t\t\t\t\t\t\t<\/div>\n\t\t<\/div>\n\t\t\t\t\t<\/div>\n\t\t<\/section>\n\t\t\t\t<\/div>","protected":false},"excerpt":{"rendered":"<p>Filosof\u00eda Tradici\u00f3n y ModernidadLa contemplaci\u00f3n est\u00e9tica como una experiencia integral y org\u00e1nica. Filosof\u00eda Taura Entendemos el v\u00ednculo con la m\u00fasica como uno de los \u00e1mbitos m\u00e1s \u00edntimos de cada uno. En la contemplaci\u00f3n est\u00e9tica y en la singular naturaleza del estado que la acompa\u00f1a se encuentra un punto de conexi\u00f3n con lo m\u00e1s aut\u00e9ntico y [&hellip;]<\/p>","protected":false},"author":1,"featured_media":0,"parent":0,"menu_order":0,"comment_status":"closed","ping_status":"closed","template":"elementor_header_footer","meta":{"inline_featured_image":false,"footnotes":""},"class_list":["post-46","page","type-page","status-publish","hentry"],"yoast_head":"<!-- This site is optimized with the Yoast SEO plugin v23.7 - https:\/\/yoast.com\/wordpress\/plugins\/seo\/ -->\n<title>Filosof\u00eda - Taura<\/title>\n<meta name=\"robots\" content=\"noindex, follow, max-snippet:-1, max-image-preview:large, max-video-preview:-1\" \/>\n<meta property=\"og:locale\" content=\"en_US\" \/>\n<meta property=\"og:type\" content=\"article\" \/>\n<meta property=\"og:title\" content=\"Filosof\u00eda - Taura\" \/>\n<meta property=\"og:description\" content=\"Filosof\u00eda Tradici\u00f3n y ModernidadLa contemplaci\u00f3n est\u00e9tica como una experiencia integral y org\u00e1nica. Filosof\u00eda Taura Entendemos el v\u00ednculo con la m\u00fasica como uno de los \u00e1mbitos m\u00e1s \u00edntimos de cada uno. En la contemplaci\u00f3n est\u00e9tica y en la singular naturaleza del estado que la acompa\u00f1a se encuentra un punto de conexi\u00f3n con lo m\u00e1s aut\u00e9ntico y [&hellip;]\" \/>\n<meta property=\"og:url\" content=\"https:\/\/taura.audio\/en\/filosofia\/\" \/>\n<meta property=\"og:site_name\" content=\"Taura\" \/>\n<meta property=\"article:modified_time\" content=\"2024-10-18T13:55:51+00:00\" \/>\n<meta property=\"og:image\" content=\"https:\/\/taura.audio\/wp-content\/uploads\/2020\/03\/bandeja-graf02.jpg\" \/>\n\t<meta property=\"og:image:width\" content=\"740\" \/>\n\t<meta property=\"og:image:height\" content=\"614\" \/>\n\t<meta property=\"og:image:type\" content=\"image\/jpeg\" \/>\n<meta name=\"twitter:card\" content=\"summary_large_image\" \/>\n<meta name=\"twitter:label1\" content=\"Est. reading time\" \/>\n\t<meta name=\"twitter:data1\" content=\"2 minutes\" \/>\n<script type=\"application\/ld+json\" class=\"yoast-schema-graph\">{\"@context\":\"https:\/\/schema.org\",\"@graph\":[{\"@type\":\"WebPage\",\"@id\":\"https:\/\/taura.audio\/filosofia\/\",\"url\":\"https:\/\/taura.audio\/filosofia\/\",\"name\":\"Filosof\u00eda - Taura\",\"isPartOf\":{\"@id\":\"https:\/\/taura.audio\/#website\"},\"primaryImageOfPage\":{\"@id\":\"https:\/\/taura.audio\/filosofia\/#primaryimage\"},\"image\":{\"@id\":\"https:\/\/taura.audio\/filosofia\/#primaryimage\"},\"thumbnailUrl\":\"https:\/\/taura.audio\/wp-content\/uploads\/2020\/03\/bandeja-graf02.jpg\",\"datePublished\":\"2019-10-29T22:14:39+00:00\",\"dateModified\":\"2024-10-18T13:55:51+00:00\",\"breadcrumb\":{\"@id\":\"https:\/\/taura.audio\/filosofia\/#breadcrumb\"},\"inLanguage\":\"en-US\",\"potentialAction\":[{\"@type\":\"ReadAction\",\"target\":[\"https:\/\/taura.audio\/filosofia\/\"]}]},{\"@type\":\"ImageObject\",\"inLanguage\":\"en-US\",\"@id\":\"https:\/\/taura.audio\/filosofia\/#primaryimage\",\"url\":\"https:\/\/taura.audio\/wp-content\/uploads\/2020\/03\/bandeja-graf02.jpg\",\"contentUrl\":\"https:\/\/taura.audio\/wp-content\/uploads\/2020\/03\/bandeja-graf02.jpg\"},{\"@type\":\"BreadcrumbList\",\"@id\":\"https:\/\/taura.audio\/filosofia\/#breadcrumb\",\"itemListElement\":[{\"@type\":\"ListItem\",\"position\":1,\"name\":\"Portada\",\"item\":\"https:\/\/taura.audio\/\"},{\"@type\":\"ListItem\",\"position\":2,\"name\":\"Filosof\u00eda\"}]},{\"@type\":\"WebSite\",\"@id\":\"https:\/\/taura.audio\/#website\",\"url\":\"https:\/\/taura.audio\/\",\"name\":\"Taura\",\"description\":\"Audio\",\"publisher\":{\"@id\":\"https:\/\/taura.audio\/#organization\"},\"potentialAction\":[{\"@type\":\"SearchAction\",\"target\":{\"@type\":\"EntryPoint\",\"urlTemplate\":\"https:\/\/taura.audio\/?s={search_term_string}\"},\"query-input\":{\"@type\":\"PropertyValueSpecification\",\"valueRequired\":true,\"valueName\":\"search_term_string\"}}],\"inLanguage\":\"en-US\"},{\"@type\":\"Organization\",\"@id\":\"https:\/\/taura.audio\/#organization\",\"name\":\"Taura\",\"url\":\"https:\/\/taura.audio\/\",\"logo\":{\"@type\":\"ImageObject\",\"inLanguage\":\"en-US\",\"@id\":\"https:\/\/taura.audio\/#\/schema\/logo\/image\/\",\"url\":\"https:\/\/taura.audio\/wp-content\/uploads\/2019\/10\/taura-logo.svg\",\"contentUrl\":\"https:\/\/taura.audio\/wp-content\/uploads\/2019\/10\/taura-logo.svg\",\"width\":145,\"height\":21,\"caption\":\"Taura\"},\"image\":{\"@id\":\"https:\/\/taura.audio\/#\/schema\/logo\/image\/\"}}]}<\/script>\n<!-- \/ Yoast SEO plugin. -->","yoast_head_json":{"title":"Filosof\u00eda - Taura","robots":{"index":"noindex","follow":"follow","max-snippet":"max-snippet:-1","max-image-preview":"max-image-preview:large","max-video-preview":"max-video-preview:-1"},"og_locale":"en_US","og_type":"article","og_title":"Filosof\u00eda - Taura","og_description":"Filosof\u00eda Tradici\u00f3n y ModernidadLa contemplaci\u00f3n est\u00e9tica como una experiencia integral y org\u00e1nica. Filosof\u00eda Taura Entendemos el v\u00ednculo con la m\u00fasica como uno de los \u00e1mbitos m\u00e1s \u00edntimos de cada uno. En la contemplaci\u00f3n est\u00e9tica y en la singular naturaleza del estado que la acompa\u00f1a se encuentra un punto de conexi\u00f3n con lo m\u00e1s aut\u00e9ntico y [&hellip;]","og_url":"https:\/\/taura.audio\/en\/filosofia\/","og_site_name":"Taura","article_modified_time":"2024-10-18T13:55:51+00:00","og_image":[{"width":740,"height":614,"url":"https:\/\/taura.audio\/wp-content\/uploads\/2020\/03\/bandeja-graf02.jpg","type":"image\/jpeg"}],"twitter_card":"summary_large_image","twitter_misc":{"Est. reading time":"2 minutes"},"schema":{"@context":"https:\/\/schema.org","@graph":[{"@type":"WebPage","@id":"https:\/\/taura.audio\/filosofia\/","url":"https:\/\/taura.audio\/filosofia\/","name":"Filosof\u00eda - Taura","isPartOf":{"@id":"https:\/\/taura.audio\/#website"},"primaryImageOfPage":{"@id":"https:\/\/taura.audio\/filosofia\/#primaryimage"},"image":{"@id":"https:\/\/taura.audio\/filosofia\/#primaryimage"},"thumbnailUrl":"https:\/\/taura.audio\/wp-content\/uploads\/2020\/03\/bandeja-graf02.jpg","datePublished":"2019-10-29T22:14:39+00:00","dateModified":"2024-10-18T13:55:51+00:00","breadcrumb":{"@id":"https:\/\/taura.audio\/filosofia\/#breadcrumb"},"inLanguage":"en-US","potentialAction":[{"@type":"ReadAction","target":["https:\/\/taura.audio\/filosofia\/"]}]},{"@type":"ImageObject","inLanguage":"en-US","@id":"https:\/\/taura.audio\/filosofia\/#primaryimage","url":"https:\/\/taura.audio\/wp-content\/uploads\/2020\/03\/bandeja-graf02.jpg","contentUrl":"https:\/\/taura.audio\/wp-content\/uploads\/2020\/03\/bandeja-graf02.jpg"},{"@type":"BreadcrumbList","@id":"https:\/\/taura.audio\/filosofia\/#breadcrumb","itemListElement":[{"@type":"ListItem","position":1,"name":"Portada","item":"https:\/\/taura.audio\/"},{"@type":"ListItem","position":2,"name":"Filosof\u00eda"}]},{"@type":"WebSite","@id":"https:\/\/taura.audio\/#website","url":"https:\/\/taura.audio\/","name":"Taura","description":"Audio","publisher":{"@id":"https:\/\/taura.audio\/#organization"},"potentialAction":[{"@type":"SearchAction","target":{"@type":"EntryPoint","urlTemplate":"https:\/\/taura.audio\/?s={search_term_string}"},"query-input":{"@type":"PropertyValueSpecification","valueRequired":true,"valueName":"search_term_string"}}],"inLanguage":"en-US"},{"@type":"Organization","@id":"https:\/\/taura.audio\/#organization","name":"Taura","url":"https:\/\/taura.audio\/","logo":{"@type":"ImageObject","inLanguage":"en-US","@id":"https:\/\/taura.audio\/#\/schema\/logo\/image\/","url":"https:\/\/taura.audio\/wp-content\/uploads\/2019\/10\/taura-logo.svg","contentUrl":"https:\/\/taura.audio\/wp-content\/uploads\/2019\/10\/taura-logo.svg","width":145,"height":21,"caption":"Taura"},"image":{"@id":"https:\/\/taura.audio\/#\/schema\/logo\/image\/"}}]}},"_links":{"self":[{"href":"https:\/\/taura.audio\/en\/wp-json\/wp\/v2\/pages\/46"}],"collection":[{"href":"https:\/\/taura.audio\/en\/wp-json\/wp\/v2\/pages"}],"about":[{"href":"https:\/\/taura.audio\/en\/wp-json\/wp\/v2\/types\/page"}],"author":[{"embeddable":true,"href":"https:\/\/taura.audio\/en\/wp-json\/wp\/v2\/users\/1"}],"replies":[{"embeddable":true,"href":"https:\/\/taura.audio\/en\/wp-json\/wp\/v2\/comments?post=46"}],"version-history":[{"count":60,"href":"https:\/\/taura.audio\/en\/wp-json\/wp\/v2\/pages\/46\/revisions"}],"predecessor-version":[{"id":2284,"href":"https:\/\/taura.audio\/en\/wp-json\/wp\/v2\/pages\/46\/revisions\/2284"}],"wp:attachment":[{"href":"https:\/\/taura.audio\/en\/wp-json\/wp\/v2\/media?parent=46"}],"curies":[{"name":"wp","href":"https:\/\/api.w.org\/{rel}","templated":true}]}}